{"id":9,"date":"2024-03-01T13:16:51","date_gmt":"2024-03-01T12:16:51","guid":{"rendered":"http:\/\/noe.oepu.at\/?page_id=9"},"modified":"2024-11-29T17:20:54","modified_gmt":"2024-11-29T16:20:54","slug":"start","status":"publish","type":"page","link":"https:\/\/noe.oepu.at\/","title":{"rendered":"\u00d6PU-N\u00d6"},"content":{"rendered":"\n<figure class=\"wp-block-image size-full\"><img loading=\"lazy\" decoding=\"async\" width=\"1414\" height=\"2000\" src=\"https:\/\/noe.oepu.at\/wp-content\/uploads\/2024\/11\/Kopie-von-OePU-Niederoesterreich-Variante-B.png\" alt=\"\" class=\"wp-image-668\" srcset=\"https:\/\/noe.oepu.at\/wp-content\/uploads\/2024\/11\/Kopie-von-OePU-Niederoesterreich-Variante-B.png 1414w, https:\/\/noe.oepu.at\/wp-content\/uploads\/2024\/11\/Kopie-von-OePU-Niederoesterreich-Variante-B-212x300.png 212w, https:\/\/noe.oepu.at\/wp-content\/uploads\/2024\/11\/Kopie-von-OePU-Niederoesterreich-Variante-B-724x1024.png 724w, https:\/\/noe.oepu.at\/wp-content\/uploads\/2024\/11\/Kopie-von-OePU-Niederoesterreich-Variante-B-768x1086.png 768w, https:\/\/noe.oepu.at\/wp-content\/uploads\/2024\/11\/Kopie-von-OePU-Niederoesterreich-Variante-B-1086x1536.png 1086w\" sizes=\"auto, (max-width: 1414px) 100vw, 1414px\" \/><\/figure>\n\n\n\n<p class=\"has-black-color has-text-color has-link-color wp-elements-305edd050aef7c52b56bbfc9d7bc3104\">Die <a href=\"https:\/\/www.oepu.at\/\" target=\"_blank\" rel=\"noreferrer noopener\"><mark style=\"background-color:rgba(0, 0, 0, 0);color:#01953e\" class=\"has-inline-color\">\u00d6PU<\/mark><\/a> ist ein Wahlb\u00fcndnis f\u00fcr die Personalvertretungswahlen im AHS-Bereich. Das bildungspolitische Credo der \u00d6PU ist die Erhaltung und Weiterentwicklung eines qualitativ hochwertigen, differenzierten Schulsystems in \u00d6sterreich.<\/p>\n\n\n\n<p>Wir handeln zum Wohl der \u00f6sterreichischen Gymnasien und ihrer LehrerInnen. Die Unterst\u00fctzung der \u00d6PU bedeutet keine parteipolitische Positionierung, sondern ist Ausdruck der F\u00f6rderung einer Interessensvertretung, die zum differenzierten Schulwesen steht und in ihm das Gymnasium durch kontinuierliche Weiterentwicklung auf Erfolgskurs halten will.<\/p>\n","protected":false},"excerpt":{"rendered":"<p>Die \u00d6PU ist ein Wahlb\u00fcndnis f\u00fcr die Personalvertretungswahlen im AHS-Bereich. Das bildungspolitische Credo der \u00d6PU ist die Erhaltung und Weiterentwicklung<\/p>\n","protected":false},"author":1,"featured_media":0,"parent":0,"menu_order":0,"comment_status":"closed","ping_status":"closed","template":"","meta":{"footnotes":""},"class_list":["post-9","page","type-page","status-publish","hentry"],"_links":{"self":[{"href":"https:\/\/noe.oepu.at\/index.php\/wp-json\/wp\/v2\/pages\/9","targetHints":{"allow":["GET"]}}],"collection":[{"href":"https:\/\/noe.oepu.at\/index.php\/wp-json\/wp\/v2\/pages"}],"about":[{"href":"https:\/\/noe.oepu.at\/index.php\/wp-json\/wp\/v2\/types\/page"}],"author":[{"embeddable":true,"href":"https:\/\/noe.oepu.at\/index.php\/wp-json\/wp\/v2\/users\/1"}],"replies":[{"embeddable":true,"href":"https:\/\/noe.oepu.at\/index.php\/wp-json\/wp\/v2\/comments?post=9"}],"version-history":[{"count":16,"href":"https:\/\/noe.oepu.at\/index.php\/wp-json\/wp\/v2\/pages\/9\/revisions"}],"predecessor-version":[{"id":669,"href":"https:\/\/noe.oepu.at\/index.php\/wp-json\/wp\/v2\/pages\/9\/revisions\/669"}],"wp:attachment":[{"href":"https:\/\/noe.oepu.at\/index.php\/wp-json\/wp\/v2\/media?parent=9"}],"curies":[{"name":"wp","href":"https:\/\/api.w.org\/{rel}","templated":true}]}}